{"id":530,"date":"2024-11-18T14:18:43","date_gmt":"2024-11-18T13:18:43","guid":{"rendered":"https:\/\/www.planetinterimservices.ch\/?page_id=530"},"modified":"2026-04-15T11:33:20","modified_gmt":"2026-04-15T09:33:20","slug":"materiale-a-disposizione","status":"publish","type":"page","link":"https:\/\/www.planetinterimservices.ch\/it\/materiel-a-disposition\/","title":{"rendered":"Attrezzatura disponibile"},"content":{"rendered":"<div data-elementor-type=\"wp-page\" data-elementor-id=\"530\" class=\"elementor elementor-530\" data-elementor-post-type=\"page\">\n\t\t\t\t<div class=\"elementor-element elementor-element-4485798 e-flex e-con-boxed e-con e-parent\" data-id=\"4485798\" data-element_type=\"container\" data-e-type=\"container\" data-settings=\"{&quot;background_background&quot;:&quot;classic&quot;}\">\n\t\t\t\t\t<div class=\"e-con-inner\">\n\t\t<div class=\"elementor-element elementor-element-c7513aa e-con-full e-flex e-con e-child\" data-id=\"c7513aa\" data-element_type=\"container\" data-e-type=\"container\">\n\t\t\t\t<div class=\"elementor-element elementor-element-a59b877 elementor-widget elementor-widget-heading\" data-id=\"a59b877\" data-element_type=\"widget\" data-e-type=\"widget\" data-widget_type=\"heading.default\">\n\t\t\t\t<div class=\"elementor-widget-container\">\n\t\t\t\t\t<h1 class=\"elementor-heading-title elementor-size-default\">Materiale a disposizione per missioni di lavoro temporaneo di successo\n<\/h1>\t\t\t\t<\/div>\n\t\t\t\t<\/div>\n\t\t\t\t<div class=\"elementor-element elementor-element-5adfe87 elementor-widget elementor-widget-text-editor\" data-id=\"5adfe87\" data-element_type=\"widget\" data-e-type=\"widget\" data-widget_type=\"text-editor.default\">\n\t\t\t\t<div class=\"elementor-widget-container\">\n\t\t\t\t\t\t\t\t\t<p>Per garantire la sicurezza e l'efficienza dei nostri candidati, Planet Interim mette a disposizione tutto il materiale necessario per gli incarichi sul campo. Le nostre attrezzature sono selezionate per soddisfare i pi\u00f9 severi standard di sicurezza, consentendo ai lavoratori interinali di concentrarsi sui loro incarichi in tutta tranquillit\u00e0.\u00a0<\/p>\t\t\t\t\t\t\t\t<\/div>\n\t\t\t\t<\/div>\n\t\t<div class=\"elementor-element elementor-element-cfe8a5d e-con-full e-flex e-con e-child\" data-id=\"cfe8a5d\" data-element_type=\"container\" data-e-type=\"container\">\n\t\t\t\t<div class=\"elementor-element elementor-element-938cac1 elementor-widget elementor-widget-button\" data-id=\"938cac1\" data-element_type=\"widget\" data-e-type=\"widget\" data-widget_type=\"button.default\">\n\t\t\t\t<div class=\"elementor-widget-container\">\n\t\t\t\t\t\t\t\t\t<div class=\"elementor-button-wrapper\">\n\t\t\t\t\t<a class=\"elementor-button elementor-button-link elementor-size-sm\" href=\"https:\/\/www.planetinterimservices.ch\/it\/contact\/\">\n\t\t\t\t\t\t<span class=\"elementor-button-content-wrapper\">\n\t\t\t\t\t\t\t\t\t<span class=\"elementor-button-text\">Contattateci<\/span>\n\t\t\t\t\t<\/span>\n\t\t\t\t\t<\/a>\n\t\t\t\t<\/div>\n\t\t\t\t\t\t\t\t<\/div>\n\t\t\t\t<\/div>\n\t\t\t\t<div class=\"elementor-element elementor-element-6c019d2 elementor-widget elementor-widget-button\" data-id=\"6c019d2\" data-element_type=\"widget\" data-e-type=\"widget\" data-widget_type=\"button.default\">\n\t\t\t\t<div class=\"elementor-widget-container\">\n\t\t\t\t\t\t\t\t\t<div class=\"elementor-button-wrapper\">\n\t\t\t\t\t<a class=\"elementor-button elementor-button-link elementor-size-sm\" href=\"https:\/\/materiel.planetinterimservices.ch\/\" target=\"_blank\">\n\t\t\t\t\t\t<span class=\"elementor-button-content-wrapper\">\n\t\t\t\t\t\t\t\t\t<span class=\"elementor-button-text\">Visita il nostro negozio<\/span>\n\t\t\t\t\t<\/span>\n\t\t\t\t\t<\/a>\n\t\t\t\t<\/div>\n\t\t\t\t\t\t\t\t<\/div>\n\t\t\t\t<\/div>\n\t\t\t\t<\/div>\n\t\t\t\t<\/div>\n\t\t\t\t\t<\/div>\n\t\t\t\t<\/div>\n\t\t\t\t<\/div>","protected":false},"excerpt":{"rendered":"<p>Mat\u00e9riel \u00e0 disposition pour des missions d&rsquo;int\u00e9rim r\u00e9ussies Pour garantir la s\u00e9curit\u00e9 et l\u2019efficacit\u00e9 de nos candidats, Planet Interim met \u00e0 disposition tout le mat\u00e9riel n\u00e9cessaire pour les missions sur le terrain. Nos \u00e9quipements sont s\u00e9lectionn\u00e9s pour r\u00e9pondre aux normes de s\u00e9curit\u00e9 les plus strictes, permettant aux travailleurs int\u00e9rimaires de se concentrer sur leurs missions [&hellip;]<\/p>\n","protected":false},"author":3,"featured_media":0,"parent":0,"menu_order":0,"comment_status":"closed","ping_status":"closed","template":"elementor_header_footer","meta":{"footnotes":""},"class_list":["post-530","page","type-page","status-publish","hentry"],"yoast_head":"<!-- This site is optimized with the Yoast SEO plugin v27.4 - https:\/\/yoast.com\/product\/yoast-seo-wordpress\/ -->\n<title>Mat\u00e9riel professionnel pour les missions int\u00e9rim | Planet Interim<\/title>\n<meta name=\"description\" content=\"Planet Interim propose du mat\u00e9riel professionnel pour les missions d&#039;int\u00e9rim en Suisse. B\u00e9n\u00e9ficiez d&#039;un \u00e9quipement adapt\u00e9 pour mener \u00e0 bien vos missions.\" \/>\n<meta name=\"robots\" content=\"index, follow, max-snippet:-1, max-image-preview:large, max-video-preview:-1\" \/>\n<link rel=\"canonical\" href=\"https:\/\/www.planetinterimservices.ch\/it\/materiale-a-disposizione\/\" \/>\n<meta property=\"og:locale\" content=\"it_IT\" \/>\n<meta property=\"og:type\" content=\"article\" \/>\n<meta property=\"og:title\" content=\"Mat\u00e9riel professionnel pour les missions int\u00e9rim | Planet Interim\" \/>\n<meta property=\"og:description\" content=\"Planet Interim propose du mat\u00e9riel professionnel pour les missions d&#039;int\u00e9rim en Suisse. B\u00e9n\u00e9ficiez d&#039;un \u00e9quipement adapt\u00e9 pour mener \u00e0 bien vos missions.\" \/>\n<meta property=\"og:url\" content=\"https:\/\/www.planetinterimservices.ch\/it\/materiale-a-disposizione\/\" \/>\n<meta property=\"og:site_name\" content=\"Planet Interim Services SA\" \/>\n<meta property=\"article:modified_time\" content=\"2026-04-15T09:33:20+00:00\" \/>\n<meta name=\"twitter:card\" content=\"summary_large_image\" \/>\n<meta name=\"twitter:label1\" content=\"Tempo di lettura stimato\" \/>\n\t<meta name=\"twitter:data1\" content=\"1 minuto\" \/>\n<script type=\"application\/ld+json\" class=\"yoast-schema-graph\">{\"@context\":\"https:\\\/\\\/schema.org\",\"@graph\":[{\"@type\":\"WebPage\",\"@id\":\"https:\\\/\\\/www.planetinterimservices.ch\\\/materiel-a-disposition\\\/\",\"url\":\"https:\\\/\\\/www.planetinterimservices.ch\\\/materiel-a-disposition\\\/\",\"name\":\"Mat\u00e9riel professionnel pour les missions int\u00e9rim | Planet Interim\",\"isPartOf\":{\"@id\":\"https:\\\/\\\/www.planetinterimservices.ch\\\/#website\"},\"datePublished\":\"2024-11-18T13:18:43+00:00\",\"dateModified\":\"2026-04-15T09:33:20+00:00\",\"description\":\"Planet Interim propose du mat\u00e9riel professionnel pour les missions d'int\u00e9rim en Suisse. B\u00e9n\u00e9ficiez d'un \u00e9quipement adapt\u00e9 pour mener \u00e0 bien vos missions.\",\"breadcrumb\":{\"@id\":\"https:\\\/\\\/www.planetinterimservices.ch\\\/materiel-a-disposition\\\/#breadcrumb\"},\"inLanguage\":\"it-IT\",\"potentialAction\":[{\"@type\":\"ReadAction\",\"target\":[\"https:\\\/\\\/www.planetinterimservices.ch\\\/materiel-a-disposition\\\/\"]}]},{\"@type\":\"BreadcrumbList\",\"@id\":\"https:\\\/\\\/www.planetinterimservices.ch\\\/materiel-a-disposition\\\/#breadcrumb\",\"itemListElement\":[{\"@type\":\"ListItem\",\"position\":1,\"name\":\"Accueil\",\"item\":\"https:\\\/\\\/www.planetinterimservices.ch\\\/\"},{\"@type\":\"ListItem\",\"position\":2,\"name\":\"Mat\u00e9riel \u00e0 disposition\"}]},{\"@type\":\"WebSite\",\"@id\":\"https:\\\/\\\/www.planetinterimservices.ch\\\/#website\",\"url\":\"https:\\\/\\\/www.planetinterimservices.ch\\\/\",\"name\":\"Planet Interim Services SA\",\"description\":\"\",\"publisher\":{\"@id\":\"https:\\\/\\\/www.planetinterimservices.ch\\\/#organization\"},\"potentialAction\":[{\"@type\":\"SearchAction\",\"target\":{\"@type\":\"EntryPoint\",\"urlTemplate\":\"https:\\\/\\\/www.planetinterimservices.ch\\\/?s={search_term_string}\"},\"query-input\":{\"@type\":\"PropertyValueSpecification\",\"valueRequired\":true,\"valueName\":\"search_term_string\"}}],\"inLanguage\":\"it-IT\"},{\"@type\":\"Organization\",\"@id\":\"https:\\\/\\\/www.planetinterimservices.ch\\\/#organization\",\"name\":\"Planet Interim Services SA\",\"url\":\"https:\\\/\\\/www.planetinterimservices.ch\\\/\",\"logo\":{\"@type\":\"ImageObject\",\"inLanguage\":\"it-IT\",\"@id\":\"https:\\\/\\\/www.planetinterimservices.ch\\\/#\\\/schema\\\/logo\\\/image\\\/\",\"url\":\"https:\\\/\\\/www.planetinterimservices.ch\\\/wp-content\\\/uploads\\\/2025\\\/11\\\/logo-horizontal-fond-blanc.svg\",\"contentUrl\":\"https:\\\/\\\/www.planetinterimservices.ch\\\/wp-content\\\/uploads\\\/2025\\\/11\\\/logo-horizontal-fond-blanc.svg\",\"width\":695,\"height\":178,\"caption\":\"Planet Interim Services SA\"},\"image\":{\"@id\":\"https:\\\/\\\/www.planetinterimservices.ch\\\/#\\\/schema\\\/logo\\\/image\\\/\"}}]}<\/script>\n<!-- \/ Yoast SEO plugin. -->","yoast_head_json":{"title":"Attrezzature professionali per incarichi temporanei | Planet Interim","description":"Planet Interim offre attrezzature professionali per incarichi di lavoro temporaneo in Svizzera. Approfitta di attrezzature adeguate per portare a termine con successo i tuoi incarichi.","robots":{"index":"index","follow":"follow","max-snippet":"max-snippet:-1","max-image-preview":"max-image-preview:large","max-video-preview":"max-video-preview:-1"},"canonical":"https:\/\/www.planetinterimservices.ch\/it\/materiale-a-disposizione\/","og_locale":"it_IT","og_type":"article","og_title":"Mat\u00e9riel professionnel pour les missions int\u00e9rim | Planet Interim","og_description":"Planet Interim propose du mat\u00e9riel professionnel pour les missions d'int\u00e9rim en Suisse. B\u00e9n\u00e9ficiez d'un \u00e9quipement adapt\u00e9 pour mener \u00e0 bien vos missions.","og_url":"https:\/\/www.planetinterimservices.ch\/it\/materiale-a-disposizione\/","og_site_name":"Planet Interim Services SA","article_modified_time":"2026-04-15T09:33:20+00:00","twitter_card":"summary_large_image","twitter_misc":{"Tempo di lettura stimato":"1 minuto"},"schema":{"@context":"https:\/\/schema.org","@graph":[{"@type":"WebPage","@id":"https:\/\/www.planetinterimservices.ch\/materiel-a-disposition\/","url":"https:\/\/www.planetinterimservices.ch\/materiel-a-disposition\/","name":"Attrezzature professionali per incarichi temporanei | Planet Interim","isPartOf":{"@id":"https:\/\/www.planetinterimservices.ch\/#website"},"datePublished":"2024-11-18T13:18:43+00:00","dateModified":"2026-04-15T09:33:20+00:00","description":"Planet Interim offre attrezzature professionali per incarichi di lavoro temporaneo in Svizzera. Approfitta di attrezzature adeguate per portare a termine con successo i tuoi incarichi.","breadcrumb":{"@id":"https:\/\/www.planetinterimservices.ch\/materiel-a-disposition\/#breadcrumb"},"inLanguage":"it-IT","potentialAction":[{"@type":"ReadAction","target":["https:\/\/www.planetinterimservices.ch\/materiel-a-disposition\/"]}]},{"@type":"BreadcrumbList","@id":"https:\/\/www.planetinterimservices.ch\/materiel-a-disposition\/#breadcrumb","itemListElement":[{"@type":"ListItem","position":1,"name":"Accueil","item":"https:\/\/www.planetinterimservices.ch\/"},{"@type":"ListItem","position":2,"name":"Mat\u00e9riel \u00e0 disposition"}]},{"@type":"WebSite","@id":"https:\/\/www.planetinterimservices.ch\/#website","url":"https:\/\/www.planetinterimservices.ch\/","name":"Planet Interim Services SA","description":"","publisher":{"@id":"https:\/\/www.planetinterimservices.ch\/#organization"},"potentialAction":[{"@type":"SearchAction","target":{"@type":"EntryPoint","urlTemplate":"https:\/\/www.planetinterimservices.ch\/?s={search_term_string}"},"query-input":{"@type":"PropertyValueSpecification","valueRequired":true,"valueName":"search_term_string"}}],"inLanguage":"it-IT"},{"@type":"Organization","@id":"https:\/\/www.planetinterimservices.ch\/#organization","name":"Planet Interim Services SA","url":"https:\/\/www.planetinterimservices.ch\/","logo":{"@type":"ImageObject","inLanguage":"it-IT","@id":"https:\/\/www.planetinterimservices.ch\/#\/schema\/logo\/image\/","url":"https:\/\/www.planetinterimservices.ch\/wp-content\/uploads\/2025\/11\/logo-horizontal-fond-blanc.svg","contentUrl":"https:\/\/www.planetinterimservices.ch\/wp-content\/uploads\/2025\/11\/logo-horizontal-fond-blanc.svg","width":695,"height":178,"caption":"Planet Interim Services SA"},"image":{"@id":"https:\/\/www.planetinterimservices.ch\/#\/schema\/logo\/image\/"}}]}},"_links":{"self":[{"href":"https:\/\/www.planetinterimservices.ch\/it\/wp-json\/wp\/v2\/pages\/530","targetHints":{"allow":["GET"]}}],"collection":[{"href":"https:\/\/www.planetinterimservices.ch\/it\/wp-json\/wp\/v2\/pages"}],"about":[{"href":"https:\/\/www.planetinterimservices.ch\/it\/wp-json\/wp\/v2\/types\/page"}],"author":[{"embeddable":true,"href":"https:\/\/www.planetinterimservices.ch\/it\/wp-json\/wp\/v2\/users\/3"}],"replies":[{"embeddable":true,"href":"https:\/\/www.planetinterimservices.ch\/it\/wp-json\/wp\/v2\/comments?post=530"}],"version-history":[{"count":22,"href":"https:\/\/www.planetinterimservices.ch\/it\/wp-json\/wp\/v2\/pages\/530\/revisions"}],"predecessor-version":[{"id":2074,"href":"https:\/\/www.planetinterimservices.ch\/it\/wp-json\/wp\/v2\/pages\/530\/revisions\/2074"}],"wp:attachment":[{"href":"https:\/\/www.planetinterimservices.ch\/it\/wp-json\/wp\/v2\/media?parent=530"}],"curies":[{"name":"wp","href":"https:\/\/api.w.org\/{rel}","templated":true}]}}